{"id":11602,"date":"2026-01-26T08:51:11","date_gmt":"2026-01-26T08:51:11","guid":{"rendered":"https:\/\/fundatiaregala.ro\/?page_id=11602"},"modified":"2026-03-20T10:55:57","modified_gmt":"2026-03-20T08:55:57","slug":"sponsorizeaza-20","status":"publish","type":"page","link":"https:\/\/fundatiaregala.ro\/en\/sponsorizeaza-20\/","title":{"rendered":"Sponsor with 20%"},"content":{"rendered":"<section data-bg-image=\"url\" class=\"vc_row vc_custom_1769505501301 liquid-row-shadowbox-69f4326a479b5 vc_row-has-fill vc_row-has-bg\"><div class=\"ld-container container\"><div class=\"row ld-row ld-row-outer\"><div class=\"wpb_column vc_column_container vc_col-sm-12 text-center text-sm-center text-md-center text-lg-center liquid-column-69f4326a481d7\"><div class=\"vc_column-inner\" ><div class=\"wpb_wrapper\"  ><style>.ld_spacer_69f4326a482d7{height:150px;}<\/style>\n<div class=\"ld-empty-space ld_spacer_69f4326a482d7\"><\/div><\/div><\/div><\/div><\/div><\/div><\/section><section data-bg-image=\"url\" class=\"vc_row vc_custom_1769505510710 liquid-row-shadowbox-69f4326a48753 vc_row-has-fill vc_row-has-bg\"><div class=\"ld-container container\"><div class=\"row ld-row ld-row-outer vc_row-o-content-middle vc_row-flex\"><div class=\"wpb_column vc_column_container vc_col-sm-6 text-center text-sm-center text-md-center text-lg-center liquid-column-69f4326a48c99\"><div class=\"vc_column-inner\" ><div class=\"wpb_wrapper\"  >\n\t<div  class=\"wpb_single_image wpb_content_element vc_align_  liquid_vc_single_image-69f4326a493e8\">\n\t\t\n\t\t<figure class=\"wpb_wrapper vc_figure\">\n\t\t\t<div class=\"vc_single_image-wrapper\"><img decoding=\"async\" class=\"vc_single_image-img\" src=\"https:\/\/fundatiaregala.ro\/wp-content\/uploads\/Fundatia-Regala-Margareta-a-Romaniei-Sponsorizeaza-20-01-600x600.png\" width=\"600\" height=\"600\" alt=\"Fundatia-Regala-Margareta-a-Romaniei-Sponsorizeaza-20-01\" title=\"Fundatia-Regala-Margareta-a-Romaniei-Sponsorizeaza-20-01\" \/><\/div>\n\t\t<\/figure>\n\t<\/div>\n<\/div><\/div><\/div><style>@media (min-width: 1200px) { .liquid-column-responsive-69f4326a498d7 > .vc_column-inner {margin-right:160px !important; margin-left:-120px !important;  }  } <\/style><div class=\"wpb_column vc_column_container vc_col-sm-6 liquid-column-69f4326a498d4 liquid-column-responsive-69f4326a498d7 vc_col-has-fill\"><div class=\"vc_column-inner  vc_custom_1769505346362\" ><div class=\"wpb_wrapper\"  ><style>.ld_fancy_heading_69f4326a49b0d h4{color:#262528;}.ld_fancy_heading_69f4326a49b0d .lqd-highlight-inner{height:0.275em!important;bottom:0px!important;}<\/style><div class=\"ld-fancy-heading ld_fancy_heading_69f4326a49b0d\">\n\t<h4 class=\"ld-fh-element lqd-highlight-underline lqd-highlight-grow-left text-decoration-default\"   >  SPONSOR WITH 20%<\/h4><\/div><style>.ld_spacer_69f4326a49d07{height:50px;}<\/style>\n<div class=\"ld-empty-space ld_spacer_69f4326a49d07\"><\/div><style>.ld_fancy_heading_69f4326a49e9d h3{color:#262528;}.ld_fancy_heading_69f4326a49e9d .lqd-highlight-inner{height:0.275em!important;bottom:0px!important;}<\/style><div class=\"ld-fancy-heading ld_fancy_heading_69f4326a49e9d\">\n\t<h3 class=\"ld-fh-element lqd-highlight-underline lqd-highlight-grow-left text-decoration-default\"   >  You can create positive change in the community at no real cost to your company.<\/h3><\/div><style>.ld_spacer_69f4326a4a00e{height:50px;}<\/style>\n<div class=\"ld-empty-space ld_spacer_69f4326a4a00e\"><\/div><style>.ld_button_69f4326a4a163.btn-icon-solid .btn-icon{background:rgb(29, 68, 132);}.ld_button_69f4326a4a163.btn-icon-circle.btn-icon-ripple .btn-icon:before{border-color:rgb(29, 68, 132);}.ld_button_69f4326a4a163.btn-icon-solid:hover .btn-icon{background:rgb(210, 161, 42);}.ld_button_69f4326a4a163 .btn-icon{color:rgb(255, 255, 255);}.ld_button_69f4326a4a163:hover .btn-icon{color:rgb(255, 255, 255);}.ld_button_69f4326a4a163{background-color:rgb(29, 68, 132);border-color:rgb(29, 68, 132);color:rgb(255, 255, 255);}.ld_button_69f4326a4a163:hover{background-color:rgb(210, 161, 42);border-color:rgb(210, 161, 42);color:rgb(255, 255, 255);}.ld_button_69f4326a4a163 .btn-gradient-bg-hover{background:-webkit-linear-gradient(to right, rgb(210, 161, 42) 0%, rgb(210, 161, 42) 100%);background:linear-gradient(to right, rgb(210, 161, 42) 0%, rgb(210, 161, 42) 100%);}.ld_button_69f4326a4a163 .btn-gradient-border defs stop:first-child{stop-color:rgb(29, 68, 132);}.ld_button_69f4326a4a163 .btn-gradient-border defs stop:last-child{stop-color:rgb(29, 68, 132);}.ld_button_69f4326a4a163:hover .btn-gradient-border defs stop:first-child{stop-color:rgb(210, 161, 42);}.ld_button_69f4326a4a163:hover .btn-gradient-border defs stop:last-child{stop-color:rgb(210, 161, 42);}<\/style><a href=\"#\" class=\"btn btn-solid border-thin btn-has-label ld_button_69f4326a4a163\" data-localscroll=\"true\" data-localscroll-options=\"{&quot;scrollBelowSection&quot;:true}\" >\n\t<span>\n\t\n\t\t\t\t\t<span class=\"btn-txt\" data-text=\"Afl\u0103 mai multe\" >Find out more<\/span>\n\t\t\n\t<span class=\"btn-icon\"><i class=\"fas fa-arrow-down\"><\/i><\/span>\t\t\t\t<\/span>\n<\/a>\n<\/div><\/div><\/div><\/div><\/div><\/section><section data-bg-image=\"url\" class=\"vc_row vc_custom_1769588271765 liquid-row-shadowbox-69f4326a4b371 vc_row-has-fill vc_row-has-bg\"><div class=\"ld-container container\"><div class=\"row ld-row ld-row-outer\"><div class=\"wpb_column vc_column_container vc_col-sm-12 liquid-column-69f4326a4b880\"><div class=\"vc_column-inner\" ><div class=\"wpb_wrapper\"  ><style>.ld_spacer_69f4326a4b91e{height:15px;}<\/style>\n<div class=\"ld-empty-space ld_spacer_69f4326a4b91e\"><\/div><\/div><\/div><\/div><\/div><\/div><\/section><section class=\"vc_row liquid-row-shadowbox-69f4326a4bd33\"><div class=\"ld-container container\"><div class=\"row ld-row ld-row-outer\"><div class=\"wpb_column vc_column_container vc_col-sm-12 liquid-column-69f4326a4c1ea\"><div class=\"vc_column-inner\" ><div class=\"wpb_wrapper\"  ><style>.ld_spacer_69f4326a4c284{height:100px;}<\/style>\n<div class=\"ld-empty-space ld_spacer_69f4326a4c284\"><\/div><\/div><\/div><\/div><\/div><\/div><\/section><section class=\"vc_row liquid-row-shadowbox-69f4326a4c67d\"><div class=\"ld-container container\"><div class=\"row ld-row ld-row-outer\"><style>@media (min-width: 1200px) { .liquid-column-responsive-69f4326a4cba9 > .vc_column-inner {padding-top:0px !important; padding-right:0px !important; padding-bottom:0px !important; padding-left:0px !important;  }  } <\/style><div class=\"wpb_column vc_column_container vc_col-sm-12 liquid-column-69f4326a4cba6 liquid-column-responsive-69f4326a4cba9\"><div class=\"vc_column-inner  vc_custom_1770116609600\" ><div class=\"wpb_wrapper\"  ><style>.ld_fancy_heading_69f4326a4cd83 p{color:#262528;}.ld_fancy_heading_69f4326a4cd83 .lqd-highlight-inner{height:0.275em!important;bottom:0px!important;}<\/style><div class=\"ld-fancy-heading ld_fancy_heading_69f4326a4cd83\">\n\t<p class=\"ld-fh-element lqd-highlight-underline lqd-highlight-grow-left text-decoration-default\"   >  <\/p>\n<p style=\"text-align: justify\">Companies in Romania benefit from a significant tax incentive: they can direct 20% of the corporate income tax (impozit pe profit) they owe to the state toward sponsoring a social cause they believe in.<\/p>\n<p style=\"text-align: justify\">The sponsorship value can be up to 20% of the corporate income tax, but not more than 0.75% of the company's turnover (the lesser of the two).<\/p>\n<p style=\"text-align: justify\">Taxpayers wishing to exercise their option to redirect their corporate tax can do so by completing and submitting a Declaration to ANAF, based on a signed sponsorship contract.<\/p>\n<p style=\"text-align: justify\">For 35 years, The Margareta of Romania Royal Foundation has been helping children, youth, and the elderly lead better lives. By simply signing a sponsorship contract, you can produce a positive change in the community at no real cost.<\/p>\n<p><\/p><\/div><\/div><\/div><\/div><\/div><\/div><\/section><section class=\"vc_row liquid-row-shadowbox-69f4326a4dcfc\"><div class=\"ld-container container\"><div class=\"row ld-row ld-row-outer\"><div class=\"wpb_column vc_column_container vc_col-sm-12 liquid-column-69f4326a4e1ba\"><div class=\"vc_column-inner\" ><div class=\"wpb_wrapper\"  ><style>.ld_spacer_69f4326a4e25a{height:100px;}<\/style>\n<div class=\"ld-empty-space ld_spacer_69f4326a4e25a\"><\/div><\/div><\/div><\/div><\/div><\/div><\/section><section class=\"vc_row liquid-row-shadowbox-69f4326a4e675\"><div class=\"ld-container container\"><div class=\"row ld-row ld-row-outer\"><div class=\"wpb_column vc_column_container vc_col-sm-12 liquid-column-69f4326a4eba8\"><div class=\"vc_column-inner\" ><div class=\"wpb_wrapper\"  ><div id=\"ld_process_box_container_69f4326a4ecaf\" class=\"lqd-pb-container lqd-pb-nums lqd-pb-zigzag ld_process_box_container_69f4326a4ecaf\">\n\n\t<div class=\"lqd-pb-row row d-md-flex flex-column\">\n\t<div class=\"lqd-pb-column col-sm-6\">\n\t<div id=\"ld_process_box_69f4326a4ee9c\" class=\"ld_process_box_69f4326a4ee9c lqd-pb lqd-pb-style-3 lqd-pb-shaped lqd-pb-circle d-flex\">\n\t\t<div class=\"lqd-pb-num-container\">\n\t\t\t<div class=\"lqd-pb-num lqd-pb-active-shape\">\n\t\t\t\t<div class=\"lqd-pb-shape-border\">\n\t\t\t\t\t<svg xmlns=\"http:\/\/www.w3.org\/2000\/svg\" width=\"127\" height=\"126\" viewbox=\"0 0 127 126\">\n\t\t\t\t\t\t<path fill=\"none\" stroke-dasharray=\"0 9.9\" stroke-linecap=\"round\" stroke-width=\"2.2\" d=\"M61.5,123 C95.4655121,123 123,95.4655121 123,61.5 C123,27.5344879 95.4655121,0 61.5,0 C27.5344879,0 0,27.5344879 0,61.5 C0,95.4655121 27.5344879,123 61.5,123 Z\" transform=\"translate(2 1)\"\/>\n\t\t\t\t\t<\/svg>\n\t\t\t\t<\/div><!-- \/.lqd-pb-shape-border -->\n\t\t\t<\/div>\n\t\t<\/div><!-- \/.lqd-pb-num-container -->\n\t\t<div class=\"lqd-pb-content\">\n\t\t\t<h3 class=\"h5\">Use our calculator<\/h3>\t\t\t<p class=\"translation-block\">Use <a href=\"https:\/\/fundatiaregala.ro\/en\/sponsorizeaza-20\/#sponsorizator-calculator\" target=\"_self\">our calculator<\/a> and find out the amount you can send to sustain the cause you believe in.<\/p>\n\t\t<\/div><!-- \/.lqd-pb-content -->\n\t<\/div><!-- \/.lqd-pb lqd-pb-style-3 -->\n<\/div><!-- .lqd-pb-column --><div class=\"lqd-pb-column col-sm-6\">\n\t<div id=\"ld_process_box_69f4326a4efb8\" class=\"ld_process_box_69f4326a4efb8 lqd-pb lqd-pb-style-3 lqd-pb-shaped lqd-pb-circle d-flex\">\n\t\t<div class=\"lqd-pb-num-container\">\n\t\t\t<div class=\"lqd-pb-num lqd-pb-active-shape\">\n\t\t\t\t<div class=\"lqd-pb-shape-border\">\n\t\t\t\t\t<svg xmlns=\"http:\/\/www.w3.org\/2000\/svg\" width=\"127\" height=\"126\" viewbox=\"0 0 127 126\">\n\t\t\t\t\t\t<path fill=\"none\" stroke-dasharray=\"0 9.9\" stroke-linecap=\"round\" stroke-width=\"2.2\" d=\"M61.5,123 C95.4655121,123 123,95.4655121 123,61.5 C123,27.5344879 95.4655121,0 61.5,0 C27.5344879,0 0,27.5344879 0,61.5 C0,95.4655121 27.5344879,123 61.5,123 Z\" transform=\"translate(2 1)\"\/>\n\t\t\t\t\t<\/svg>\n\t\t\t\t<\/div><!-- \/.lqd-pb-shape-border -->\n\t\t\t<\/div>\n\t\t<\/div><!-- \/.lqd-pb-num-container -->\n\t\t<div class=\"lqd-pb-content\">\n\t\t\t<h3 class=\"h5\">Choose the amount and the cause<\/h3>\t\t\t<p>Donate the available amount to support the cause you care about!<\/p>\n\t\t<\/div><!-- \/.lqd-pb-content -->\n\t<\/div><!-- \/.lqd-pb lqd-pb-style-3 -->\n<\/div><!-- .lqd-pb-column --><div class=\"lqd-pb-column col-sm-6\">\n\t<div id=\"ld_process_box_69f4326a4f0ae\" class=\"ld_process_box_69f4326a4f0ae lqd-pb lqd-pb-style-3 lqd-pb-shaped lqd-pb-circle d-flex\">\n\t\t<div class=\"lqd-pb-num-container\">\n\t\t\t<div class=\"lqd-pb-num lqd-pb-active-shape\">\n\t\t\t\t<div class=\"lqd-pb-shape-border\">\n\t\t\t\t\t<svg xmlns=\"http:\/\/www.w3.org\/2000\/svg\" width=\"127\" height=\"126\" viewbox=\"0 0 127 126\">\n\t\t\t\t\t\t<path fill=\"none\" stroke-dasharray=\"0 9.9\" stroke-linecap=\"round\" stroke-width=\"2.2\" d=\"M61.5,123 C95.4655121,123 123,95.4655121 123,61.5 C123,27.5344879 95.4655121,0 61.5,0 C27.5344879,0 0,27.5344879 0,61.5 C0,95.4655121 27.5344879,123 61.5,123 Z\" transform=\"translate(2 1)\"\/>\n\t\t\t\t\t<\/svg>\n\t\t\t\t<\/div><!-- \/.lqd-pb-shape-border -->\n\t\t\t<\/div>\n\t\t<\/div><!-- \/.lqd-pb-num-container -->\n\t\t<div class=\"lqd-pb-content\">\n\t\t\t<h3 class=\"h5\">Download the contract<\/h3>\t\t\t<p class=\"translation-block\">Download the sponsorship contract by <a style=\"color: #1d4484\" href=\"https:\/\/fundatiaregala.ro\/wp-content\/uploads\/FRMR-Contract-sponsorizare-directa_2025-online.pdf\" target=\"_blank\" rel=\"noopener noreferrer\">clicking here<\/a> and fill in your company\u2019s details.<\/p>\n<p class=\"translation-block\">You can also consult the completion guide by <a style=\"color: #1d4484\" href=\"https:\/\/fundatiaregala.ro\/en\/mic-ghid-fiscal-si-contabil\/\" target=\"_blank\" rel=\"noopener noreferrer\">clicking here<\/a>.<\/p>\n\t\t<\/div><!-- \/.lqd-pb-content -->\n\t<\/div><!-- \/.lqd-pb lqd-pb-style-3 -->\n<\/div><!-- .lqd-pb-column --><div class=\"lqd-pb-column col-sm-6\">\n\t<div id=\"ld_process_box_69f4326a4f196\" class=\"ld_process_box_69f4326a4f196 lqd-pb lqd-pb-style-3 lqd-pb-shaped lqd-pb-circle d-flex\">\n\t\t<div class=\"lqd-pb-num-container\">\n\t\t\t<div class=\"lqd-pb-num lqd-pb-active-shape\">\n\t\t\t\t<div class=\"lqd-pb-shape-border\">\n\t\t\t\t\t<svg xmlns=\"http:\/\/www.w3.org\/2000\/svg\" width=\"127\" height=\"126\" viewbox=\"0 0 127 126\">\n\t\t\t\t\t\t<path fill=\"none\" stroke-dasharray=\"0 9.9\" stroke-linecap=\"round\" stroke-width=\"2.2\" d=\"M61.5,123 C95.4655121,123 123,95.4655121 123,61.5 C123,27.5344879 95.4655121,0 61.5,0 C27.5344879,0 0,27.5344879 0,61.5 C0,95.4655121 27.5344879,123 61.5,123 Z\" transform=\"translate(2 1)\"\/>\n\t\t\t\t\t<\/svg>\n\t\t\t\t<\/div><!-- \/.lqd-pb-shape-border -->\n\t\t\t<\/div>\n\t\t<\/div><!-- \/.lqd-pb-num-container -->\n\t\t<div class=\"lqd-pb-content\">\n\t\t\t<h3 class=\"h5\">Send<\/h3>\t\t\t<p class=\"translation-block\">Print, sign, and send a scanned copy of the contract to the following email address: \n <a href=\"mailto:prieten@fundatiaregala.ro\" target=\"_self\">prieten@fundatiaregala.ro<\/a><\/p>\n\t\t<\/div><!-- \/.lqd-pb-content -->\n\t<\/div><!-- \/.lqd-pb lqd-pb-style-3 -->\n<\/div><!-- .lqd-pb-column --><\/p>\n\t<\/div><!-- \/.row -->\n\n<\/div><!-- \/.lqd-pb-container --><\/div><\/div><\/div><\/div><\/div><\/section><section class=\"vc_row vc_custom_1773144106514 liquid-row-shadowbox-69f4326a4f637\"><div class=\"ld-container container\"><div class=\"row ld-row ld-row-outer\"><div class=\"wpb_column vc_column_container vc_col-sm-12 text-center text-sm-center text-md-center text-lg-center liquid-column-69f4326a4fb79\"><div class=\"vc_column-inner\" ><div class=\"wpb_wrapper\"  ><style>.ld_button_69f4326a4fd2c.btn-icon-solid .btn-icon{background:#d2a12a;}.ld_button_69f4326a4fd2c.btn-icon-circle.btn-icon-ripple .btn-icon:before{border-color:#d2a12a;}.ld_button_69f4326a4fd2c.btn-icon-solid:hover .btn-icon{background:rgb(255, 255, 255);}.ld_button_69f4326a4fd2c .btn-icon{color:rgb(255, 255, 255);}.ld_button_69f4326a4fd2c:hover .btn-icon{color:#1d4484;}.ld_button_69f4326a4fd2c{width:395px;height:65px;background-color:#d2a12a;border-color:#d2a12a;color:rgb(255, 255, 255);}.ld_button_69f4326a4fd2c:hover{background-color:rgb(255, 255, 255);border-color:rgb(255, 255, 255);color:#1d4484;}.ld_button_69f4326a4fd2c .btn-gradient-bg-hover{background:-webkit-linear-gradient(to right, rgb(255, 255, 255) 0%, rgb(255, 255, 255) 100%);background:linear-gradient(to right, rgb(255, 255, 255) 0%, rgb(255, 255, 255) 100%);}.ld_button_69f4326a4fd2c .btn-gradient-border defs stop:first-child{stop-color:#d2a12a;}.ld_button_69f4326a4fd2c .btn-gradient-border defs stop:last-child{stop-color:#d2a12a;}.ld_button_69f4326a4fd2c:hover .btn-gradient-border defs stop:first-child{stop-color:rgb(255, 255, 255);}.ld_button_69f4326a4fd2c:hover .btn-gradient-border defs stop:last-child{stop-color:rgb(255, 255, 255);}<\/style><a href=\"https:\/\/fundatiaregala.ro\/wp-content\/uploads\/Contract-sponsorizare_D177-O-Fundatia-Regala-Margareta-a-Romaniei_2026-.pdf\" target=\"_blank\" class=\"btn btn-solid btn-custom btn-custom-sized border-thin btn-has-label ld_button_69f4326a4fd2c\" >\n\t<span>\n\t\n\t\t\t\t\t<span class=\"btn-txt\" data-text=\"Descarc\u0103 Contract Sponsorizare\" >Descarc\u0103 Contract Sponsorizare<\/span>\n\t\t\n\t<span class=\"btn-icon\"><i class=\"fas fa-arrow-down\"><\/i><\/span>\t\t\t\t<\/span>\n<\/a>\n<\/div><\/div><\/div><\/div><\/div><\/section><section class=\"vc_row liquid-row-shadowbox-69f4326a50cd5\"><div class=\"ld-container container\"><div class=\"row ld-row ld-row-outer\"><div class=\"wpb_column vc_column_container vc_col-sm-12 text-center text-sm-center text-md-center text-lg-center liquid-column-69f4326a511b3\"><div class=\"vc_column-inner\" ><div class=\"wpb_wrapper\"  ><style>.ld_button_69f4326a51308.btn-icon-solid .btn-icon{background:#d2a12a;}.ld_button_69f4326a51308.btn-icon-circle.btn-icon-ripple .btn-icon:before{border-color:#d2a12a;}.ld_button_69f4326a51308.btn-icon-solid:hover .btn-icon{background:rgb(255, 255, 255);}.ld_button_69f4326a51308 .btn-icon{color:rgb(255, 255, 255);}.ld_button_69f4326a51308:hover .btn-icon{color:#1d4484;}.ld_button_69f4326a51308{width:395px;height:65px;background-color:#d2a12a;border-color:#d2a12a;color:rgb(255, 255, 255);}.ld_button_69f4326a51308:hover{background-color:rgb(255, 255, 255);border-color:rgb(255, 255, 255);color:#1d4484;}.ld_button_69f4326a51308 .btn-gradient-bg-hover{background:-webkit-linear-gradient(to right, rgb(255, 255, 255) 0%, rgb(255, 255, 255) 100%);background:linear-gradient(to right, rgb(255, 255, 255) 0%, rgb(255, 255, 255) 100%);}.ld_button_69f4326a51308 .btn-gradient-border defs stop:first-child{stop-color:#d2a12a;}.ld_button_69f4326a51308 .btn-gradient-border defs stop:last-child{stop-color:#d2a12a;}.ld_button_69f4326a51308:hover .btn-gradient-border defs stop:first-child{stop-color:rgb(255, 255, 255);}.ld_button_69f4326a51308:hover .btn-gradient-border defs stop:last-child{stop-color:rgb(255, 255, 255);}<\/style><a href=\"https:\/\/fundatiaregala.ro\/en\/mic-ghid-fiscal-si-contabil\/\" target=\"_blank\" class=\"btn btn-solid btn-custom btn-custom-sized border-thin btn-has-label ld_button_69f4326a51308\" >\n\t<span>\n\t\n\t\t\t\t\t<span class=\"btn-txt\" data-text=\"Ghid de completare\" >Completion guide<\/span>\n\t\t\n\t<span class=\"btn-icon\"><i class=\"fas fa-file-alt\"><\/i><\/span>\t\t\t\t<\/span>\n<\/a>\n<\/div><\/div><\/div><\/div><\/div><\/section><section id=\"sponsorizator-calculator\" class=\"vc_row liquid-row-shadowbox-69f4326a51cc4\"><div class=\"ld-container container\"><div class=\"row ld-row ld-row-outer\"><div class=\"wpb_column vc_column_container vc_col-sm-12 liquid-column-69f4326a5218b\"><div class=\"vc_column-inner\" ><div class=\"wpb_wrapper\"  ><style>.ld_spacer_69f4326a5222e{height:100px;}<\/style>\n<div class=\"ld-empty-space ld_spacer_69f4326a5222e\"><\/div><\/div><\/div><\/div><\/div><\/div><\/section><section class=\"vc_row liquid-row-shadowbox-69f4326a52655\"><div class=\"ld-container container\"><div class=\"row ld-row ld-row-outer\"><div class=\"wpb_column vc_column_container vc_col-sm-12 text-center text-sm-center text-md-center text-lg-center liquid-column-69f4326a52b91\"><div class=\"vc_column-inner\" ><div class=\"wpb_wrapper\"  >\n\t<div class=\"wpb_raw_code wpb_content_element wpb_raw_html\" >\n\t\t<div class=\"wpb_wrapper\">\n\t\t\t<div class=\"calculator-donatie\">\n\n  <!-- DONATIE -->\n  <div class=\"sectiune\">\n    <h3>DONATION - CALCULATOR<\/h3>\n\n    <input type=\"number\" class=\"val1\" placeholder=\"Cifra de afaceri estimat\u0103 (lei)\" style=\"padding: 10px; border-color: #D2A12A; border-style: solid; width: 400px;\">\n    <br><br>\n\n    <input type=\"number\" class=\"val2\" placeholder=\"Profit impozitabil estimat (lei)\" style=\"padding: 10px; border-color: #D2A12A; border-style: solid; width: 400px;\">\n    <br><br>\n\n    <button type=\"button\" class=\"submit-donatie btn btn-primary\" style=\"background-color: #D2A12A; color: white; padding: 10px;\">\n      How much can I offer?\n    <\/button>\n\n    <div class=\"poti-folosi\" style=\"margin-top:15px;\"><\/div>\n  <\/div>\n\n  <hr>\n   \n\n  <!-- CONTAINER AFI\u0218ARE -->\n  <div class=\"button-outer\" style=\"display:none; margin-top:20px;\">\n    <!-- \u00eel folose\u0219ti dac\u0103 mai vrei ceva extra -->\n  <\/div>\n\n<\/div>\n\n<script>\ndocument.addEventListener(\"DOMContentLoaded\", function () {\n\n  document.querySelector(\".submit-donatie\").addEventListener(\"click\", function () {\n    var i = document.querySelector(\".val1\").value;\n    var a = document.querySelector(\".val2\").value;\n\n    var e = i * 0.0075;\n    var l = a * 0.16;\n    var r = l * 0.2;\n\n    var rezultat = document.querySelector(\".poti-folosi\");\n\n    if (i === \"\" || a === \"\") {\n      rezultat.innerHTML =\n        '<div class=\"mesaj-eroare\">Pentru a calcula corect trebuiesc completate ambele c\u00e2mpuri!<\/div>';\n    } else {\n      rezultat.innerHTML =\n        '<div class=\"mesaj-rezultat\">Po\u021bi sponsoriza cu <span class=\"lei-daruiti\">' +\n        (r < e ? r : e).toFixed(2) +\n        '<\/span> lei cauza \u00een care crezi.<\/div>';\n    }\n\n    document.querySelector(\".button-outer\").style.display = \"block\";\n  });\n\n  document.querySelector(\".button-micro\").addEventListener(\"click\", function () {\n    var i = document.querySelector(\".venitEstimat\").value;\n    var a = document.querySelector(\".impozit-venit\").value;\n\n    var e = 0.2 * i * a;\n    var rezultat = document.querySelector(\".poti-darui\");\n\n    if (i === \"\" || a === \"\") {\n      rezultat.innerHTML =\n        '<div class=\"btn btn-primary\">Pentru a calcula corect trebuiesc completate ambele c\u00e2mpuri<\/div>';\n    } else {\n      rezultat.innerHTML =\n        '<div class=\"btn btn-primary\">Po\u021bi sponsoriza cu <span class=\"lei-daruiti\">' +\n        e.toFixed(2) +\n        '<\/span> lei cauza \u00een care crezi<\/div>';\n    }\n\n    document.querySelector(\".button-outer\").style.display = \"block\";\n  });\n\n});\n<\/script>\n<style>\n.mesaj-eroare {\n  color: #d32f2f;      \/* ro\u0219u *\/\n  border: none;\n  background: none;\n  padding: 0;\n  font-weight: 600;\n}\n\n.mesaj-rezultat {\n  border: none;\n  color: #D2A12A;\n\n}\n\n.lei-daruiti {\n  color: #1D4484;\n  font-weight: bold;\n}\n\n.val1:focus,.val2:focus {  \n  border-color: #1D4484 !important;  \n  border-style: solid !important;  \n  outline: none; \n\/* Remove default browser outline *\/}\n\n<\/style>\n\t\t<\/div>\n\t<\/div>\n<\/div><\/div><\/div><\/div><\/div><\/section><section class=\"vc_row liquid-row-shadowbox-69f4326a53282\"><div class=\"ld-container container\"><div class=\"row ld-row ld-row-outer\"><div class=\"wpb_column vc_column_container vc_col-sm-12 liquid-column-69f4326a53793\"><div class=\"vc_column-inner\" ><div class=\"wpb_wrapper\"  ><style>.ld_spacer_69f4326a53831{height:100px;}<\/style>\n<div class=\"ld-empty-space ld_spacer_69f4326a53831\"><\/div><\/div><\/div><\/div><\/div><\/div><\/section><section class=\"vc_row liquid-row-shadowbox-69f4326a53c41\"><div class=\"ld-container container\"><div class=\"row ld-row ld-row-outer\"><div class=\"wpb_column vc_column_container vc_col-sm-12 liquid-column-69f4326a540e1\"><div class=\"vc_column-inner\" ><div class=\"wpb_wrapper\"  ><style>.ld_fancy_heading_69f4326a5428a h2{color:#262528;}.ld_fancy_heading_69f4326a5428a .lqd-highlight-inner{height:0.275em!important;bottom:0px!important;}<\/style><div class=\"ld-fancy-heading text-center ld_fancy_heading_69f4326a5428a\">\n\t<h2 class=\"ld-fh-element lqd-highlight-underline lqd-highlight-grow-left text-decoration-default\"   >  <\/p>\n<p style=\"text-align: center\">ABOUT MARGARET OF ROMANIA ROYAL FOUNDATION<\/p>\n<p><\/h2><\/div><\/div><\/div><\/div><\/div><\/div><\/section><section class=\"vc_row liquid-row-shadowbox-69f4326a54e22\"><div class=\"ld-container container\"><div class=\"row ld-row ld-row-outer\"><style>@media (min-width: 1200px) { .liquid-column-responsive-69f4326a55310 > .vc_column-inner {padding-top:0px !important; padding-right:0px !important; padding-bottom:0px !important; padding-left:0px !important;  }  } <\/style><div class=\"wpb_column vc_column_container vc_col-sm-12 liquid-column-69f4326a5530d liquid-column-responsive-69f4326a55310\"><div class=\"vc_column-inner  vc_custom_1770116546632\" ><div class=\"wpb_wrapper\"  ><style>.ld_fancy_heading_69f4326a554ce p{color:#262528;}.ld_fancy_heading_69f4326a554ce .lqd-highlight-inner{height:0.275em!important;bottom:0px!important;}<\/style><div class=\"ld-fancy-heading ld_fancy_heading_69f4326a554ce\">\n\t<p class=\"ld-fh-element lqd-highlight-underline lqd-highlight-grow-left text-decoration-default\"   >  <\/p>\n<p style=\"text-align: justify\">With 36 years of experience in the social field, The Margareta of Romania Royal Foundation is one of the few non-governmental organizations running programs dedicated to seniors in Romania. Over time, we have created various solutions aimed at improving their lives, alleviating loneliness, preventing social isolation, or creating opportunities for an active life. The Foundation's programs and campaigns include the For Our Seniors network, the Elderly Fund, the Generations Centers, and the Elderly's Helpline.<\/p>\n<p><\/p><\/div><\/div><\/div><\/div><\/div><\/div><\/section><section class=\"vc_row liquid-row-shadowbox-69f4326a563e0\"><div class=\"ld-container container\"><div class=\"row ld-row ld-row-outer\"><div class=\"wpb_column vc_column_container vc_col-sm-12 liquid-column-69f4326a568ae\"><div class=\"vc_column-inner\" ><div class=\"wpb_wrapper\"  ><style>.ld_spacer_69f4326a56955{height:100px;}<\/style>\n<div class=\"ld-empty-space ld_spacer_69f4326a56955\"><\/div><\/div><\/div><\/div><\/div><\/div><\/section>","protected":false},"excerpt":{"rendered":"SPONSORIZEAZ\u0102 CU 20% Pute\u021bi produce o schimbare pozitiv\u0103 \u00een comunitate, f\u0103r\u0103 a avea un cost real. Afl\u0103 mai multe Companiile din Rom\u00e2nia se bucur\u0103 de o important\u0103 facilitate fiscal\u0103: pot folosi 20% din impozitul pe profit pe care \u00eel pl\u0103tesc c\u0103tre stat pentru a sponsoriza o cauz\u0103 social\u0103 \u00een care cred. Valoarea sponsoriz\u0103rii poate fi [...]","protected":false},"author":1,"featured_media":0,"parent":0,"menu_order":0,"comment_status":"closed","ping_status":"closed","template":"","meta":{"footnotes":""},"class_list":["post-11602","page","type-page","status-publish","hentry"],"_links":{"self":[{"href":"https:\/\/fundatiaregala.ro\/en\/wp-json\/wp\/v2\/pages\/11602","targetHints":{"allow":["GET"]}}],"collection":[{"href":"https:\/\/fundatiaregala.ro\/en\/wp-json\/wp\/v2\/pages"}],"about":[{"href":"https:\/\/fundatiaregala.ro\/en\/wp-json\/wp\/v2\/types\/page"}],"author":[{"embeddable":true,"href":"https:\/\/fundatiaregala.ro\/en\/wp-json\/wp\/v2\/users\/1"}],"replies":[{"embeddable":true,"href":"https:\/\/fundatiaregala.ro\/en\/wp-json\/wp\/v2\/comments?post=11602"}],"version-history":[{"count":142,"href":"https:\/\/fundatiaregala.ro\/en\/wp-json\/wp\/v2\/pages\/11602\/revisions"}],"predecessor-version":[{"id":39504,"href":"https:\/\/fundatiaregala.ro\/en\/wp-json\/wp\/v2\/pages\/11602\/revisions\/39504"}],"wp:attachment":[{"href":"https:\/\/fundatiaregala.ro\/en\/wp-json\/wp\/v2\/media?parent=11602"}],"curies":[{"name":"wp","href":"https:\/\/api.w.org\/{rel}","templated":true}]}}