{"id":9403,"date":"2026-01-17T14:08:33","date_gmt":"2026-01-17T14:08:33","guid":{"rendered":"https:\/\/fundatiaregala.ro\/?page_id=9403"},"modified":"2026-03-18T03:43:23","modified_gmt":"2026-03-18T01:43:23","slug":"detalii-juridice","status":"publish","type":"page","link":"https:\/\/fundatiaregala.ro\/en\/detalii-juridice\/","title":{"rendered":"Legal details"},"content":{"rendered":"<section class=\"vc_row liquid-row-shadowbox-69f4313d7fddb\"><div class=\"ld-container container\"><div class=\"row ld-row ld-row-outer\"><div class=\"wpb_column vc_column_container vc_col-sm-12 liquid-column-69f4313d80523\"><div class=\"vc_column-inner\" ><div class=\"wpb_wrapper\"  ><style>.ld_spacer_69f4313d805e1{height:300px;}<\/style>\n<div class=\"ld-empty-space ld_spacer_69f4313d805e1\"><\/div><style>.ld_fancy_heading_69f4313d807c0 h1{color:#262528;}.ld_fancy_heading_69f4313d807c0 .lqd-highlight-inner{height:0.275em!important;bottom:0px!important;}<\/style><div class=\"ld-fancy-heading text-center ld_fancy_heading_69f4313d807c0\">\n\t<h1 class=\"ld-fh-element lqd-highlight-underline lqd-highlight-grow-left text-decoration-default\"   >  LEGAL DETAILS<\/h1><\/div><style>.ld_spacer_69f4313d8099f{height:100px;}<\/style>\n<div class=\"ld-empty-space ld_spacer_69f4313d8099f\"><\/div><\/div><\/div><\/div><\/div><\/div><\/section><section class=\"vc_row liquid-row-shadowbox-69f4313d80dbc\"><div class=\"ld-container container\"><div class=\"row ld-row ld-row-outer\"><div class=\"wpb_column vc_column_container vc_col-sm-12 liquid-column-69f4313d812cb\"><div class=\"vc_column-inner\" ><div class=\"wpb_wrapper\"  ><style>.ld_fancy_heading_69f4313d81464 p{color:#262528;}.ld_fancy_heading_69f4313d81464 .lqd-highlight-inner{height:0.275em!important;bottom:0px!important;}<\/style><div class=\"ld-fancy-heading ld_fancy_heading_69f4313d81464\">\n\t<p class=\"ld-fh-element lqd-highlight-underline lqd-highlight-grow-left text-decoration-default\"   >  <strong>The Margareta of Romania Royal Foundation<\/strong><\/p><\/div><style>.ld_fancy_heading_69f4313d81730 p{color:#262528;}.ld_fancy_heading_69f4313d81730 .lqd-highlight-inner{height:0.275em!important;bottom:0px!important;}<\/style><div class=\"ld-fancy-heading ld_fancy_heading_69f4313d81730\">\n\t<p class=\"ld-fh-element lqd-highlight-underline lqd-highlight-grow-left text-decoration-default\"   >  Registration Number in the Register of Associations and Foundations: 243\/PJ\/18.09.1998<\/p><\/div><style>.ld_fancy_heading_69f4313d81999 p{color:#262528;}.ld_fancy_heading_69f4313d81999 .lqd-highlight-inner{height:0.275em!important;bottom:0px!important;}<\/style><div class=\"ld-fancy-heading ld_fancy_heading_69f4313d81999\">\n\t<p class=\"ld-fh-element lqd-highlight-underline lqd-highlight-grow-left text-decoration-default\"   >  Tax Identification Number (TIN): 10981730<\/p><\/div><style>.ld_fancy_heading_69f4313d81c4e p{color:#262528;}.ld_fancy_heading_69f4313d81c4e .lqd-highlight-inner{height:0.275em!important;bottom:0px!important;}<\/style><div class=\"ld-fancy-heading ld_fancy_heading_69f4313d81c4e\">\n\t<p class=\"ld-fh-element lqd-highlight-underline lqd-highlight-grow-left text-decoration-default\"   >  <\/p>\n<p style=\"text-align: left\">Num\u0103r Registrul Na\u021bional de Eviden\u021b\u0103 a Prelucr\u0103rilor de Date cu Caracter personal al ANSPDCP: 0020163\/14.10.2013.<\/p>\n<p><\/p><\/div><style>.ld_fancy_heading_69f4313d81f15 p{color:#262528;}.ld_fancy_heading_69f4313d81f15 .lqd-highlight-inner{height:0.275em!important;bottom:0px!important;}<\/style><div class=\"ld-fancy-heading ld_fancy_heading_69f4313d81f15\">\n\t<p class=\"ld-fh-element lqd-highlight-underline lqd-highlight-grow-left text-decoration-default\"   >  Mailing Address: P.O. Box 327, Post Office 12, Sector 1, Bucharest, Romania<\/p><\/div><style>.ld_spacer_69f4313d820ab{height:300px;}<\/style>\n<div class=\"ld-empty-space ld_spacer_69f4313d820ab\"><\/div><\/div><\/div><\/div><\/div><\/div><\/section>","protected":false},"excerpt":{"rendered":"DETALII JURIDICE Funda\u021bia Regal\u0103 Margareta a Rom\u00e2niei Num\u0103r de \u00cenregistrare \u00een Registrul Asocia\u021biilor \u0219i Funda\u021biilor: 243\/PJ\/18.09.1998 Cod Identificare Fiscal\u0103: 10981730 Num\u0103r Registrul Na\u021bional de Eviden\u021b\u0103 a Prelucr\u0103rilor de Date cu Caracter personal al ANSPDCP: 0020163\/14.10.2013. Adres\u0103 de coresponden\u021b\u0103: OP 12, CP 327, Sector 1, Bucure\u0219ti, Rom\u00e2nia","protected":false},"author":1,"featured_media":0,"parent":0,"menu_order":0,"comment_status":"closed","ping_status":"closed","template":"","meta":{"footnotes":""},"class_list":["post-9403","page","type-page","status-publish","hentry"],"_links":{"self":[{"href":"https:\/\/fundatiaregala.ro\/en\/wp-json\/wp\/v2\/pages\/9403","targetHints":{"allow":["GET"]}}],"collection":[{"href":"https:\/\/fundatiaregala.ro\/en\/wp-json\/wp\/v2\/pages"}],"about":[{"href":"https:\/\/fundatiaregala.ro\/en\/wp-json\/wp\/v2\/types\/page"}],"author":[{"embeddable":true,"href":"https:\/\/fundatiaregala.ro\/en\/wp-json\/wp\/v2\/users\/1"}],"replies":[{"embeddable":true,"href":"https:\/\/fundatiaregala.ro\/en\/wp-json\/wp\/v2\/comments?post=9403"}],"version-history":[{"count":30,"href":"https:\/\/fundatiaregala.ro\/en\/wp-json\/wp\/v2\/pages\/9403\/revisions"}],"predecessor-version":[{"id":39384,"href":"https:\/\/fundatiaregala.ro\/en\/wp-json\/wp\/v2\/pages\/9403\/revisions\/39384"}],"wp:attachment":[{"href":"https:\/\/fundatiaregala.ro\/en\/wp-json\/wp\/v2\/media?parent=9403"}],"curies":[{"name":"wp","href":"https:\/\/api.w.org\/{rel}","templated":true}]}}